{"id":3175,"date":"2021-01-08T15:27:04","date_gmt":"2021-01-08T15:27:04","guid":{"rendered":"https:\/\/tzar.lu\/blog\/"},"modified":"2021-01-08T15:27:07","modified_gmt":"2021-01-08T15:27:07","slug":"blog","status":"publish","type":"page","link":"https:\/\/tzar.lu\/fr\/blog\/","title":{"rendered":"Blog"},"content":{"rendered":"\t\t<div data-elementor-type=\"wp-page\" data-elementor-id=\"3175\" class=\"elementor elementor-3175 elementor-37\">\n\t\t\t\t\t\t<section class=\"elementor-section elementor-top-section elementor-element elementor-element-fe972fc elementor-section-boxed elementor-section-height-default elementor-section-height-default\" data-id=\"fe972fc\" data-element_type=\"section\">\n\t\t\t\t\t\t<div class=\"elementor-container elementor-column-gap-default\">\n\t\t\t\t\t<div class=\"elementor-column elementor-col-100 elementor-top-column elementor-element elementor-element-2461348\" data-id=\"2461348\" data-element_type=\"column\">\n\t\t\t<div class=\"elementor-widget-wrap elementor-element-populated\">\n\t\t\t\t\t\t<div class=\"elementor-element elementor-element-df18d8a elementor-widget elementor-widget-text-editor\" data-id=\"df18d8a\" data-element_type=\"widget\" data-widget_type=\"text-editor.default\">\n\t\t\t\t<div class=\"elementor-widget-container\">\n\t\t\t\t\t\t\t\t\t<p class=\"p1\"><span style=\"color: #000000;\"><span class=\"s1\">Suivre les derni\u00e8res tendances donne \u00e0 vos projets et \u00e9v\u00e8nements un avantage particulier: Cette lueur d&#8217;espoir dont vous vous souviendrez toute votre vie. Chaque projet doit \u00eatre plus innovant que le pr\u00e9c\u00e9dent. Nos derni\u00e8res id\u00e9es et projets? Soyez s\u00fbrs de ne rien rater en vous abonnant \u00e0 nos r\u00e9seaux sociaux!<\/span><span class=\"s2\">.<\/span><\/span><\/p>\n\t\t\t\t\t\t\t\t<\/div>\n\t\t\t\t<\/div>\n\t\t\t\t<div class=\"elementor-element elementor-element-699f842 elementor-shape-circle elementor-grid-0 e-grid-align-center elementor-widget elementor-widget-social-icons\" data-id=\"699f842\" data-element_type=\"widget\" data-widget_type=\"social-icons.default\">\n\t\t\t\t<div class=\"elementor-widget-container\">\n\t\t\t\t\t\t\t<div class=\"elementor-social-icons-wrapper elementor-grid\">\n\t\t\t\t\t\t\t<span class=\"elementor-grid-item\">\n\t\t\t\t\t<a class=\"elementor-icon elementor-social-icon elementor-social-icon-facebook elementor-repeater-item-9396cf2\" href=\"https:\/\/www.facebook.com\/tzar.be\/\" target=\"_blank\">\n\t\t\t\t\t\t<span class=\"elementor-screen-only\">Facebook<\/span>\n\t\t\t\t\t\t<i class=\"fab fa-facebook\"><\/i>\t\t\t\t\t<\/a>\n\t\t\t\t<\/span>\n\t\t\t\t\t\t\t<span class=\"elementor-grid-item\">\n\t\t\t\t\t<a class=\"elementor-icon elementor-social-icon elementor-social-icon-linkedin elementor-repeater-item-76097ae\" href=\"https:\/\/www.linkedin.com\/company\/tzar\/?originalSubdomain=fr\" target=\"_blank\">\n\t\t\t\t\t\t<span class=\"elementor-screen-only\">Linkedin<\/span>\n\t\t\t\t\t\t<i class=\"fab fa-linkedin\"><\/i>\t\t\t\t\t<\/a>\n\t\t\t\t<\/span>\n\t\t\t\t\t\t\t<span class=\"elementor-grid-item\">\n\t\t\t\t\t<a class=\"elementor-icon elementor-social-icon elementor-social-icon-instagram elementor-repeater-item-7b6f421\" href=\"https:\/\/www.instagram.com\/TZARcommunication\" target=\"_blank\">\n\t\t\t\t\t\t<span class=\"elementor-screen-only\">Instagram<\/span>\n\t\t\t\t\t\t<i class=\"fab fa-instagram\"><\/i>\t\t\t\t\t<\/a>\n\t\t\t\t<\/span>\n\t\t\t\t\t<\/div>\n\t\t\t\t\t\t<\/div>\n\t\t\t\t<\/div>\n\t\t\t\t\t<\/div>\n\t\t<\/div>\n\t\t\t\t\t<\/div>\n\t\t<\/section>\n\t\t\t\t<section class=\"elementor-section elementor-top-section elementor-element elementor-element-0e9f5f7 elementor-section-boxed elementor-section-height-default elementor-section-height-default\" data-id=\"0e9f5f7\" data-element_type=\"section\">\n\t\t\t\t\t\t<div class=\"elementor-container elementor-column-gap-default\">\n\t\t\t\t\t<div class=\"elementor-column elementor-col-100 elementor-top-column elementor-element elementor-element-2177f6d\" data-id=\"2177f6d\" data-element_type=\"column\">\n\t\t\t<div class=\"elementor-widget-wrap elementor-element-populated\">\n\t\t\t\t\t\t<div class=\"elementor-element elementor-element-d8c426f elementor-widget elementor-widget-rt-post-grid\" data-id=\"d8c426f\" data-element_type=\"widget\" data-widget_type=\"rt-post-grid.default\">\n\t\t\t\t<div class=\"elementor-widget-container\">\n\t\t\t\t\t<div class=\"post-grid-2\">\n\t<div class=\"row auto-clear\">\n\t\t\t\t\t\t\t\t\t<div class=\"col-lg-4 col-md-4 col-sm-6 col-xs-12\">\n\t\t\t\t<div class=\"rtin-single-post\">\n\t\t\t\t\t<div class=\"rtin-img\">\n\t\t\t\t\t<a href=\"https:\/\/tzar.lu\/fr\/faire-les-choses-differemment-break-the-rules-concept-par-tzar-business-events-ou-nous-trouver-agence-tzar\/\">\n\t\t\t\t\t\t<img fetchpriority=\"high\" width=\"450\" height=\"330\" src=\"https:\/\/tzar.lu\/wp-content\/uploads\/2018\/12\/Blog-1-450x330.jpg\" class=\"attachment-zugan-size3 size-zugan-size3 wp-post-image\" alt=\"break the rules\" decoding=\"async\" \/>\t\t\t\t\t<\/a>\n\t\t\t\t\t<\/div>\n\t\t\t\t\t<div class=\"rtin-content\">\n\t\t\t\t\t\t<h3 class=\"rtin-title\"><a href=\"https:\/\/tzar.lu\/fr\/faire-les-choses-differemment-break-the-rules-concept-par-tzar-business-events-ou-nous-trouver-agence-tzar\/\">Faire les choses diff\u00e9remment: Break The Rules concept\u2026<\/a><\/h3>\n\t\t\t\t\t\t<div class=\"post-meta\">\n\t\t\t\t\t\t\t<ul>\n\t\t\t\t\t\t\t\t\t\t\t\n\t\t\t\t\t\t\t\t<li class=\"blog-cat\"><i class=\"fa fa-tag\" aria-hidden=\"true\"><\/i><a href=\"https:\/\/tzar.lu\/fr\/category\/evenement-professionnels\/\" rel=\"category tag\">\u00c9v\u00e9nement professionnels<\/a><\/li>\n\t\t\t\t\t\t\t\t\t\t\t\t\t\t\t\t<li><i class=\"fa fa-clock-o\" aria-hidden=\"true\"><\/i>8 janvier 2021<\/li>\n\t\t\t\t\t\t\t\t\t\t\t\t\t\t\t<\/ul>\n\t\t\t\t\t\t<\/div>\n\t\t\t\t\t\t<p>Faire les choses diff\u00e9remment : &#8220;Break The Rules&#8221; concept par\u2026<\/p>\t\t\t\t\t\t<a class=\"blog-button\" href=\"https:\/\/tzar.lu\/fr\/faire-les-choses-differemment-break-the-rules-concept-par-tzar-business-events-ou-nous-trouver-agence-tzar\/\"><span>Read More<\/span><i class=\"flaticon-next\"><\/i><\/a>\n\t\t\t\t\t<\/div>\n\t\t\t\t<\/div>\n\t\t\t<\/div>\n\t\t\t<\/div>\n\t\t<\/div>\t\t\t\t<\/div>\n\t\t\t\t<\/div>\n\t\t\t\t\t<\/div>\n\t\t<\/div>\n\t\t\t\t\t<\/div>\n\t\t<\/section>\n\t\t\t\t<section class=\"elementor-section elementor-top-section elementor-element elementor-element-3607f13 elementor-section-boxed elementor-section-height-default elementor-section-height-default\" data-id=\"3607f13\" data-element_type=\"section\">\n\t\t\t\t\t\t<div class=\"elementor-container elementor-column-gap-default\">\n\t\t\t\t\t<div class=\"elementor-column elementor-col-100 elementor-top-column elementor-element elementor-element-fabb20a\" data-id=\"fabb20a\" data-element_type=\"column\">\n\t\t\t<div class=\"elementor-widget-wrap\">\n\t\t\t\t\t\t\t<\/div>\n\t\t<\/div>\n\t\t\t\t\t<\/div>\n\t\t<\/section>\n\t\t\t\t<section class=\"elementor-section elementor-top-section elementor-element elementor-element-be01b80 elementor-section-boxed elementor-section-height-default elementor-section-height-default\" data-id=\"be01b80\" data-element_type=\"section\">\n\t\t\t\t\t\t<div class=\"elementor-container elementor-column-gap-default\">\n\t\t\t\t\t<div class=\"elementor-column elementor-col-100 elementor-top-column elementor-element elementor-element-5225b21\" data-id=\"5225b21\" data-element_type=\"column\">\n\t\t\t<div class=\"elementor-widget-wrap elementor-element-populated\">\n\t\t\t\t\t\t<div class=\"elementor-element elementor-element-f62946b elementor-widget-divider--view-line elementor-widget elementor-widget-divider\" data-id=\"f62946b\" data-element_type=\"widget\" data-widget_type=\"divider.default\">\n\t\t\t\t<div class=\"elementor-widget-container\">\n\t\t\t\t\t\t\t<div class=\"elementor-divider\">\n\t\t\t<span class=\"elementor-divider-separator\">\n\t\t\t\t\t\t<\/span>\n\t\t<\/div>\n\t\t\t\t\t\t<\/div>\n\t\t\t\t<\/div>\n\t\t\t\t\t<\/div>\n\t\t<\/div>\n\t\t\t\t\t<\/div>\n\t\t<\/section>\n\t\t\t\t<\/div>\n\t\t","protected":false},"excerpt":{"rendered":"<p>Suivre les derni\u00e8res tendances donne \u00e0 vos projets et \u00e9v\u00e8nements un avantage particulier: Cette lueur d&#8217;espoir dont vous vous souviendrez toute votre vie. Chaque projet doit \u00eatre plus innovant que le pr\u00e9c\u00e9dent. Nos derni\u00e8res id\u00e9es et projets? Soyez s\u00fbrs de ne rien rater en vous abonnant \u00e0 nos r\u00e9seaux sociaux!. Facebook Linkedin Instagram Doing things [&hellip;]<\/p>\n","protected":false},"author":1,"featured_media":0,"parent":0,"menu_order":9,"comment_status":"closed","ping_status":"closed","template":"page-template\/template-fullwidth.php","meta":{"footnotes":""},"yoast_head":"<!-- This site is optimized with the Yoast SEO plugin v22.6 - https:\/\/yoast.com\/wordpress\/plugins\/seo\/ -->\n<title>Suivez nos nouveaux projets sur notre page  %% sep sitename %% | Agence de communication<\/title>\n<meta name=\"description\" content=\"Suivre les derni\u00e8res tendances donne \u00e0 vos projets et \u00e9v\u00e8nements un avantage particulier: Nos derni\u00e8res id\u00e9es et projets? Vous pouvez les d\u00e9couvrir ici.\" \/>\n<meta name=\"robots\" content=\"index, follow, max-snippet:-1, max-image-preview:large, max-video-preview:-1\" \/>\n<link rel=\"canonical\" href=\"https:\/\/tzar.lu\/fr\/blog\/\" \/>\n<meta property=\"og:locale\" content=\"fr_FR\" \/>\n<meta property=\"og:type\" content=\"article\" \/>\n<meta property=\"og:title\" content=\"Notre blog TZAR | Agence de communication\" \/>\n<meta property=\"og:description\" content=\"Suivre les derni\u00e8res tendances donne \u00e0 vos projets et \u00e9v\u00e8nements un avantage particulier: Nos derni\u00e8res id\u00e9es et projets? Vous pouvez les d\u00e9couvrir ici.\" \/>\n<meta property=\"og:url\" content=\"https:\/\/tzar.lu\/fr\/blog\/\" \/>\n<meta property=\"og:site_name\" content=\"Tzar\" \/>\n<meta property=\"article:publisher\" content=\"https:\/\/www.facebook.com\/tzar.be\/\" \/>\n<meta property=\"article:modified_time\" content=\"2021-01-08T15:27:07+00:00\" \/>\n<meta property=\"og:image\" content=\"https:\/\/tzar.lu\/wp-content\/uploads\/2020\/11\/Blog-1-V2-450x330.jpg\" \/>\n<meta name=\"twitter:card\" content=\"summary_large_image\" \/>\n<script type=\"application\/ld+json\" class=\"yoast-schema-graph\">{\"@context\":\"https:\/\/schema.org\",\"@graph\":[{\"@type\":\"WebPage\",\"@id\":\"https:\/\/tzar.lu\/fr\/blog\/\",\"url\":\"https:\/\/tzar.lu\/fr\/blog\/\",\"name\":\"Suivez nos nouveaux projets sur notre page %% sep sitename %% | Agence de communication\",\"isPartOf\":{\"@id\":\"https:\/\/tzar.lu\/fr\/#website\"},\"primaryImageOfPage\":{\"@id\":\"https:\/\/tzar.lu\/fr\/blog\/#primaryimage\"},\"image\":{\"@id\":\"https:\/\/tzar.lu\/fr\/blog\/#primaryimage\"},\"thumbnailUrl\":\"https:\/\/tzar.lu\/wp-content\/uploads\/2020\/11\/Blog-1-V2-450x330.jpg\",\"datePublished\":\"2021-01-08T15:27:04+00:00\",\"dateModified\":\"2021-01-08T15:27:07+00:00\",\"description\":\"Suivre les derni\u00e8res tendances donne \u00e0 vos projets et \u00e9v\u00e8nements un avantage particulier: Nos derni\u00e8res id\u00e9es et projets? Vous pouvez les d\u00e9couvrir ici.\",\"breadcrumb\":{\"@id\":\"https:\/\/tzar.lu\/fr\/blog\/#breadcrumb\"},\"inLanguage\":\"fr-FR\",\"potentialAction\":[{\"@type\":\"ReadAction\",\"target\":[\"https:\/\/tzar.lu\/fr\/blog\/\"]}]},{\"@type\":\"ImageObject\",\"inLanguage\":\"fr-FR\",\"@id\":\"https:\/\/tzar.lu\/fr\/blog\/#primaryimage\",\"url\":\"https:\/\/tzar.lu\/wp-content\/uploads\/2020\/11\/Blog-1-V2-450x330.jpg\",\"contentUrl\":\"https:\/\/tzar.lu\/wp-content\/uploads\/2020\/11\/Blog-1-V2-450x330.jpg\"},{\"@type\":\"BreadcrumbList\",\"@id\":\"https:\/\/tzar.lu\/fr\/blog\/#breadcrumb\",\"itemListElement\":[{\"@type\":\"ListItem\",\"position\":1,\"name\":\"Home\",\"item\":\"https:\/\/tzar.lu\/fr\/\"},{\"@type\":\"ListItem\",\"position\":2,\"name\":\"Blog\"}]},{\"@type\":\"WebSite\",\"@id\":\"https:\/\/tzar.lu\/fr\/#website\",\"url\":\"https:\/\/tzar.lu\/fr\/\",\"name\":\"Tzar\",\"description\":\"Communication Agency\",\"publisher\":{\"@id\":\"https:\/\/tzar.lu\/fr\/#organization\"},\"potentialAction\":[{\"@type\":\"SearchAction\",\"target\":{\"@type\":\"EntryPoint\",\"urlTemplate\":\"https:\/\/tzar.lu\/fr\/?s={search_term_string}\"},\"query-input\":\"required name=search_term_string\"}],\"inLanguage\":\"fr-FR\"},{\"@type\":\"Organization\",\"@id\":\"https:\/\/tzar.lu\/fr\/#organization\",\"name\":\"Tzar\",\"url\":\"https:\/\/tzar.lu\/fr\/\",\"logo\":{\"@type\":\"ImageObject\",\"inLanguage\":\"fr-FR\",\"@id\":\"https:\/\/tzar.lu\/fr\/#\/schema\/logo\/image\/\",\"url\":\"https:\/\/tzar.lu\/wp-content\/uploads\/2020\/06\/tzar-logo-e1592380497970.png\",\"contentUrl\":\"https:\/\/tzar.lu\/wp-content\/uploads\/2020\/06\/tzar-logo-e1592380497970.png\",\"width\":357,\"height\":174,\"caption\":\"Tzar\"},\"image\":{\"@id\":\"https:\/\/tzar.lu\/fr\/#\/schema\/logo\/image\/\"},\"sameAs\":[\"https:\/\/www.facebook.com\/tzar.be\/\",\"https:\/\/www.instagram.com\/TZARcommunication\/\",\"https:\/\/www.linkedin.com\/company\/tzar\/\"]}]}<\/script>\n<!-- \/ Yoast SEO plugin. -->","yoast_head_json":{"title":"Suivez nos nouveaux projets sur notre page  %% sep sitename %% | Agence de communication","description":"Suivre les derni\u00e8res tendances donne \u00e0 vos projets et \u00e9v\u00e8nements un avantage particulier: Nos derni\u00e8res id\u00e9es et projets? Vous pouvez les d\u00e9couvrir ici.","robots":{"index":"index","follow":"follow","max-snippet":"max-snippet:-1","max-image-preview":"max-image-preview:large","max-video-preview":"max-video-preview:-1"},"canonical":"https:\/\/tzar.lu\/fr\/blog\/","og_locale":"fr_FR","og_type":"article","og_title":"Notre blog TZAR | Agence de communication","og_description":"Suivre les derni\u00e8res tendances donne \u00e0 vos projets et \u00e9v\u00e8nements un avantage particulier: Nos derni\u00e8res id\u00e9es et projets? Vous pouvez les d\u00e9couvrir ici.","og_url":"https:\/\/tzar.lu\/fr\/blog\/","og_site_name":"Tzar","article_publisher":"https:\/\/www.facebook.com\/tzar.be\/","article_modified_time":"2021-01-08T15:27:07+00:00","og_image":[{"url":"https:\/\/tzar.lu\/wp-content\/uploads\/2020\/11\/Blog-1-V2-450x330.jpg"}],"twitter_card":"summary_large_image","schema":{"@context":"https:\/\/schema.org","@graph":[{"@type":"WebPage","@id":"https:\/\/tzar.lu\/fr\/blog\/","url":"https:\/\/tzar.lu\/fr\/blog\/","name":"Suivez nos nouveaux projets sur notre page %% sep sitename %% | Agence de communication","isPartOf":{"@id":"https:\/\/tzar.lu\/fr\/#website"},"primaryImageOfPage":{"@id":"https:\/\/tzar.lu\/fr\/blog\/#primaryimage"},"image":{"@id":"https:\/\/tzar.lu\/fr\/blog\/#primaryimage"},"thumbnailUrl":"https:\/\/tzar.lu\/wp-content\/uploads\/2020\/11\/Blog-1-V2-450x330.jpg","datePublished":"2021-01-08T15:27:04+00:00","dateModified":"2021-01-08T15:27:07+00:00","description":"Suivre les derni\u00e8res tendances donne \u00e0 vos projets et \u00e9v\u00e8nements un avantage particulier: Nos derni\u00e8res id\u00e9es et projets? Vous pouvez les d\u00e9couvrir ici.","breadcrumb":{"@id":"https:\/\/tzar.lu\/fr\/blog\/#breadcrumb"},"inLanguage":"fr-FR","potentialAction":[{"@type":"ReadAction","target":["https:\/\/tzar.lu\/fr\/blog\/"]}]},{"@type":"ImageObject","inLanguage":"fr-FR","@id":"https:\/\/tzar.lu\/fr\/blog\/#primaryimage","url":"https:\/\/tzar.lu\/wp-content\/uploads\/2020\/11\/Blog-1-V2-450x330.jpg","contentUrl":"https:\/\/tzar.lu\/wp-content\/uploads\/2020\/11\/Blog-1-V2-450x330.jpg"},{"@type":"BreadcrumbList","@id":"https:\/\/tzar.lu\/fr\/blog\/#breadcrumb","itemListElement":[{"@type":"ListItem","position":1,"name":"Home","item":"https:\/\/tzar.lu\/fr\/"},{"@type":"ListItem","position":2,"name":"Blog"}]},{"@type":"WebSite","@id":"https:\/\/tzar.lu\/fr\/#website","url":"https:\/\/tzar.lu\/fr\/","name":"Tzar","description":"Communication Agency","publisher":{"@id":"https:\/\/tzar.lu\/fr\/#organization"},"potentialAction":[{"@type":"SearchAction","target":{"@type":"EntryPoint","urlTemplate":"https:\/\/tzar.lu\/fr\/?s={search_term_string}"},"query-input":"required name=search_term_string"}],"inLanguage":"fr-FR"},{"@type":"Organization","@id":"https:\/\/tzar.lu\/fr\/#organization","name":"Tzar","url":"https:\/\/tzar.lu\/fr\/","logo":{"@type":"ImageObject","inLanguage":"fr-FR","@id":"https:\/\/tzar.lu\/fr\/#\/schema\/logo\/image\/","url":"https:\/\/tzar.lu\/wp-content\/uploads\/2020\/06\/tzar-logo-e1592380497970.png","contentUrl":"https:\/\/tzar.lu\/wp-content\/uploads\/2020\/06\/tzar-logo-e1592380497970.png","width":357,"height":174,"caption":"Tzar"},"image":{"@id":"https:\/\/tzar.lu\/fr\/#\/schema\/logo\/image\/"},"sameAs":["https:\/\/www.facebook.com\/tzar.be\/","https:\/\/www.instagram.com\/TZARcommunication\/","https:\/\/www.linkedin.com\/company\/tzar\/"]}]}},"_links":{"self":[{"href":"https:\/\/tzar.lu\/fr\/wp-json\/wp\/v2\/pages\/3175"}],"collection":[{"href":"https:\/\/tzar.lu\/fr\/wp-json\/wp\/v2\/pages"}],"about":[{"href":"https:\/\/tzar.lu\/fr\/wp-json\/wp\/v2\/types\/page"}],"author":[{"embeddable":true,"href":"https:\/\/tzar.lu\/fr\/wp-json\/wp\/v2\/users\/1"}],"replies":[{"embeddable":true,"href":"https:\/\/tzar.lu\/fr\/wp-json\/wp\/v2\/comments?post=3175"}],"version-history":[{"count":0,"href":"https:\/\/tzar.lu\/fr\/wp-json\/wp\/v2\/pages\/3175\/revisions"}],"wp:attachment":[{"href":"https:\/\/tzar.lu\/fr\/wp-json\/wp\/v2\/media?parent=3175"}],"curies":[{"name":"wp","href":"https:\/\/api.w.org\/{rel}","templated":true}]}}