{"id":2647,"date":"2021-01-08T09:54:04","date_gmt":"2021-01-08T09:54:04","guid":{"rendered":"https:\/\/tzar.lu\/accueil\/"},"modified":"2021-01-08T15:42:48","modified_gmt":"2021-01-08T15:42:48","slug":"accueil","status":"publish","type":"page","link":"https:\/\/tzar.lu\/fr\/","title":{"rendered":"Accueil"},"content":{"rendered":"\t\t<div data-elementor-type=\"wp-page\" data-elementor-id=\"2647\" class=\"elementor elementor-2647 elementor-1589\">\n\t\t\t\t\t\t<section class=\"elementor-section elementor-top-section elementor-element elementor-element-2e447793 elementor-section-stretched elementor-section-full_width elementor-section-height-default elementor-section-height-default\" data-id=\"2e447793\" data-element_type=\"section\" data-settings=\"{&quot;background_background&quot;:&quot;classic&quot;,&quot;stretch_section&quot;:&quot;section-stretched&quot;}\">\n\t\t\t\t\t\t<div class=\"elementor-container elementor-column-gap-no\">\n\t\t\t\t\t<div class=\"elementor-column elementor-col-33 elementor-top-column elementor-element elementor-element-6e259b9c clickable\" data-id=\"6e259b9c\" data-element_type=\"column\" id=\"clickable\" data-settings=\"{&quot;background_background&quot;:&quot;classic&quot;}\">\n\t\t\t<div class=\"elementor-widget-wrap elementor-element-populated\">\n\t\t\t\t\t<div class=\"elementor-background-overlay\"><\/div>\n\t\t\t\t\t\t<div class=\"elementor-element elementor-element-568b80b7 elementor-widget elementor-widget-spacer\" data-id=\"568b80b7\" data-element_type=\"widget\" data-widget_type=\"spacer.default\">\n\t\t\t\t<div class=\"elementor-widget-container\">\n\t\t\t\t\t\t\t<div class=\"elementor-spacer\">\n\t\t\t<div class=\"elementor-spacer-inner\"><\/div>\n\t\t<\/div>\n\t\t\t\t\t\t<\/div>\n\t\t\t\t<\/div>\n\t\t\t\t<div class=\"elementor-element elementor-element-4a5c727 elementor-widget elementor-widget-heading\" data-id=\"4a5c727\" data-element_type=\"widget\" data-widget_type=\"heading.default\">\n\t\t\t\t<div class=\"elementor-widget-container\">\n\t\t\t\t\t<h4 class=\"elementor-heading-title elementor-size-default\"><a href=\"https:\/\/tzar.lu\/fr\/marketing\/\" target=\"_blank\">Marketing Consulting<\/a><\/h4>\t\t\t\t<\/div>\n\t\t\t\t<\/div>\n\t\t\t\t\t<\/div>\n\t\t<\/div>\n\t\t\t\t<div class=\"elementor-column elementor-col-33 elementor-top-column elementor-element elementor-element-13bd8097 clickable\" data-id=\"13bd8097\" data-element_type=\"column\" data-settings=\"{&quot;background_background&quot;:&quot;classic&quot;}\">\n\t\t\t<div class=\"elementor-widget-wrap elementor-element-populated\">\n\t\t\t\t\t<div class=\"elementor-background-overlay\"><\/div>\n\t\t\t\t\t\t<div class=\"elementor-element elementor-element-18d985f5 elementor-widget elementor-widget-spacer\" data-id=\"18d985f5\" data-element_type=\"widget\" data-widget_type=\"spacer.default\">\n\t\t\t\t<div class=\"elementor-widget-container\">\n\t\t\t\t\t\t\t<div class=\"elementor-spacer\">\n\t\t\t<div class=\"elementor-spacer-inner\"><\/div>\n\t\t<\/div>\n\t\t\t\t\t\t<\/div>\n\t\t\t\t<\/div>\n\t\t\t\t<div class=\"elementor-element elementor-element-36f5e86 elementor-widget elementor-widget-heading\" data-id=\"36f5e86\" data-element_type=\"widget\" data-widget_type=\"heading.default\">\n\t\t\t\t<div class=\"elementor-widget-container\">\n\t\t\t\t\t<h4 class=\"elementor-heading-title elementor-size-default\"><a href=\"https:\/\/tzar.lu\/fr\/design\/\" target=\"_blank\">Brand Design<\/a><\/h4>\t\t\t\t<\/div>\n\t\t\t\t<\/div>\n\t\t\t\t\t<\/div>\n\t\t<\/div>\n\t\t\t\t<div class=\"elementor-column elementor-col-33 elementor-top-column elementor-element elementor-element-49aaa9ac\" data-id=\"49aaa9ac\" data-element_type=\"column\" data-settings=\"{&quot;background_background&quot;:&quot;classic&quot;}\">\n\t\t\t<div class=\"elementor-widget-wrap elementor-element-populated\">\n\t\t\t\t\t<div class=\"elementor-background-overlay\"><\/div>\n\t\t\t\t\t\t<div class=\"elementor-element elementor-element-3ef8ba4d elementor-widget elementor-widget-spacer\" data-id=\"3ef8ba4d\" data-element_type=\"widget\" data-widget_type=\"spacer.default\">\n\t\t\t\t<div class=\"elementor-widget-container\">\n\t\t\t\t\t\t\t<div class=\"elementor-spacer\">\n\t\t\t<div class=\"elementor-spacer-inner\"><\/div>\n\t\t<\/div>\n\t\t\t\t\t\t<\/div>\n\t\t\t\t<\/div>\n\t\t\t\t<div class=\"elementor-element elementor-element-d9539f2 elementor-widget elementor-widget-heading\" data-id=\"d9539f2\" data-element_type=\"widget\" data-widget_type=\"heading.default\">\n\t\t\t\t<div class=\"elementor-widget-container\">\n\t\t\t\t\t<h4 class=\"elementor-heading-title elementor-size-default\"><a href=\"https:\/\/tzar.lu\/fr\/evenementiel\/\">Evenementiel<\/a><\/h4>\t\t\t\t<\/div>\n\t\t\t\t<\/div>\n\t\t\t\t\t<\/div>\n\t\t<\/div>\n\t\t\t\t\t<\/div>\n\t\t<\/section>\n\t\t\t\t<section class=\"elementor-section elementor-top-section elementor-element elementor-element-24059f56 elementor-section-height-min-height elementor-section-stretched elementor-section-full_width elementor-section-height-default elementor-section-items-middle\" data-id=\"24059f56\" data-element_type=\"section\" data-settings=\"{&quot;background_background&quot;:&quot;classic&quot;,&quot;stretch_section&quot;:&quot;section-stretched&quot;}\">\n\t\t\t\t\t\t<div class=\"elementor-container elementor-column-gap-default\">\n\t\t\t\t\t<div class=\"elementor-column elementor-col-50 elementor-top-column elementor-element elementor-element-2aa51cc\" data-id=\"2aa51cc\" data-element_type=\"column\" data-settings=\"{&quot;background_background&quot;:&quot;classic&quot;}\">\n\t\t\t<div class=\"elementor-widget-wrap elementor-element-populated\">\n\t\t\t\t\t<div class=\"elementor-background-overlay\"><\/div>\n\t\t\t\t\t\t<div class=\"elementor-element elementor-element-7c098f43 elementor-widget elementor-widget-spacer\" data-id=\"7c098f43\" data-element_type=\"widget\" data-widget_type=\"spacer.default\">\n\t\t\t\t<div class=\"elementor-widget-container\">\n\t\t\t\t\t\t\t<div class=\"elementor-spacer\">\n\t\t\t<div class=\"elementor-spacer-inner\"><\/div>\n\t\t<\/div>\n\t\t\t\t\t\t<\/div>\n\t\t\t\t<\/div>\n\t\t\t\t<section class=\"elementor-section elementor-inner-section elementor-element elementor-element-3fe77ee2 elementor-section-boxed elementor-section-height-default elementor-section-height-default\" data-id=\"3fe77ee2\" data-element_type=\"section\">\n\t\t\t\t\t\t<div class=\"elementor-container elementor-column-gap-default\">\n\t\t\t\t\t<div class=\"elementor-column elementor-col-100 elementor-inner-column elementor-element elementor-element-4eaed6d7\" data-id=\"4eaed6d7\" data-element_type=\"column\">\n\t\t\t<div class=\"elementor-widget-wrap elementor-element-populated\">\n\t\t\t\t\t\t<div class=\"elementor-element elementor-element-25158d0c elementor-widget elementor-widget-heading\" data-id=\"25158d0c\" data-element_type=\"widget\" data-widget_type=\"heading.default\">\n\t\t\t\t<div class=\"elementor-widget-container\">\n\t\t\t\t\t<h4 class=\"elementor-heading-title elementor-size-default\"><a href=\"https:\/\/tzar.lu\/fr\/stands-dexposition-showrooms\/\">Stands d'exposition &amp; showroom<\/a><\/h4>\t\t\t\t<\/div>\n\t\t\t\t<\/div>\n\t\t\t\t\t<\/div>\n\t\t<\/div>\n\t\t\t\t\t<\/div>\n\t\t<\/section>\n\t\t\t\t\t<\/div>\n\t\t<\/div>\n\t\t\t\t<div class=\"elementor-column elementor-col-25 elementor-top-column elementor-element elementor-element-2a7cb4a8\" data-id=\"2a7cb4a8\" data-element_type=\"column\" data-settings=\"{&quot;background_background&quot;:&quot;classic&quot;}\">\n\t\t\t<div class=\"elementor-widget-wrap elementor-element-populated\">\n\t\t\t\t\t<div class=\"elementor-background-overlay\"><\/div>\n\t\t\t\t\t\t<div class=\"elementor-element elementor-element-15590983 elementor-widget elementor-widget-spacer\" data-id=\"15590983\" data-element_type=\"widget\" data-widget_type=\"spacer.default\">\n\t\t\t\t<div class=\"elementor-widget-container\">\n\t\t\t\t\t\t\t<div class=\"elementor-spacer\">\n\t\t\t<div class=\"elementor-spacer-inner\"><\/div>\n\t\t<\/div>\n\t\t\t\t\t\t<\/div>\n\t\t\t\t<\/div>\n\t\t\t\t<section class=\"elementor-section elementor-inner-section elementor-element elementor-element-5e43abea elementor-section-boxed elementor-section-height-default elementor-section-height-default\" data-id=\"5e43abea\" data-element_type=\"section\">\n\t\t\t\t\t\t<div class=\"elementor-container elementor-column-gap-default\">\n\t\t\t\t\t<div class=\"elementor-column elementor-col-100 elementor-inner-column elementor-element elementor-element-3eafc28c\" data-id=\"3eafc28c\" data-element_type=\"column\">\n\t\t\t<div class=\"elementor-widget-wrap elementor-element-populated\">\n\t\t\t\t\t\t<div class=\"elementor-element elementor-element-8b52839 elementor-widget elementor-widget-heading\" data-id=\"8b52839\" data-element_type=\"widget\" data-widget_type=\"heading.default\">\n\t\t\t\t<div class=\"elementor-widget-container\">\n\t\t\t\t\t<h4 class=\"elementor-heading-title elementor-size-default\"><a href=\"https:\/\/tzar.lu\/fr\/blog\/\">BLOG<\/a><\/h4>\t\t\t\t<\/div>\n\t\t\t\t<\/div>\n\t\t\t\t\t<\/div>\n\t\t<\/div>\n\t\t\t\t\t<\/div>\n\t\t<\/section>\n\t\t\t\t\t<\/div>\n\t\t<\/div>\n\t\t\t\t<div class=\"elementor-column elementor-col-25 elementor-top-column elementor-element elementor-element-2f9b944a\" data-id=\"2f9b944a\" data-element_type=\"column\" data-settings=\"{&quot;background_background&quot;:&quot;classic&quot;}\">\n\t\t\t<div class=\"elementor-widget-wrap elementor-element-populated\">\n\t\t\t\t\t<div class=\"elementor-background-overlay\"><\/div>\n\t\t\t\t\t\t<div class=\"elementor-element elementor-element-10049fdb elementor-widget elementor-widget-spacer\" data-id=\"10049fdb\" data-element_type=\"widget\" data-widget_type=\"spacer.default\">\n\t\t\t\t<div class=\"elementor-widget-container\">\n\t\t\t\t\t\t\t<div class=\"elementor-spacer\">\n\t\t\t<div class=\"elementor-spacer-inner\"><\/div>\n\t\t<\/div>\n\t\t\t\t\t\t<\/div>\n\t\t\t\t<\/div>\n\t\t\t\t<section class=\"elementor-section elementor-inner-section elementor-element elementor-element-62be6089 elementor-section-boxed elementor-section-height-default elementor-section-height-default\" data-id=\"62be6089\" data-element_type=\"section\">\n\t\t\t\t\t\t<div class=\"elementor-container elementor-column-gap-default\">\n\t\t\t\t\t<div class=\"elementor-column elementor-col-100 elementor-inner-column elementor-element elementor-element-124dac\" data-id=\"124dac\" data-element_type=\"column\">\n\t\t\t<div class=\"elementor-widget-wrap elementor-element-populated\">\n\t\t\t\t\t\t<div class=\"elementor-element elementor-element-5c7bcc28 elementor-widget elementor-widget-heading\" data-id=\"5c7bcc28\" data-element_type=\"widget\" data-widget_type=\"heading.default\">\n\t\t\t\t<div class=\"elementor-widget-container\">\n\t\t\t\t\t<h4 class=\"elementor-heading-title elementor-size-default\"><a href=\"https:\/\/tzar.lu\/fr\/notre-vision\/\">Notre Vision<\/a><\/h4>\t\t\t\t<\/div>\n\t\t\t\t<\/div>\n\t\t\t\t\t<\/div>\n\t\t<\/div>\n\t\t\t\t\t<\/div>\n\t\t<\/section>\n\t\t\t\t\t<\/div>\n\t\t<\/div>\n\t\t\t\t\t<\/div>\n\t\t<\/section>\n\t\t\t\t<section class=\"elementor-section elementor-top-section elementor-element elementor-element-caed19f elementor-section-boxed elementor-section-height-default elementor-section-height-default\" data-id=\"caed19f\" data-element_type=\"section\">\n\t\t\t\t\t\t<div class=\"elementor-container elementor-column-gap-default\">\n\t\t\t\t\t<div class=\"elementor-column elementor-col-100 elementor-top-column elementor-element elementor-element-e74d93c\" data-id=\"e74d93c\" data-element_type=\"column\">\n\t\t\t<div class=\"elementor-widget-wrap elementor-element-populated\">\n\t\t\t\t\t\t<div class=\"elementor-element elementor-element-cdef878 elementor-widget elementor-widget-spacer\" data-id=\"cdef878\" data-element_type=\"widget\" data-widget_type=\"spacer.default\">\n\t\t\t\t<div class=\"elementor-widget-container\">\n\t\t\t\t\t\t\t<div class=\"elementor-spacer\">\n\t\t\t<div class=\"elementor-spacer-inner\"><\/div>\n\t\t<\/div>\n\t\t\t\t\t\t<\/div>\n\t\t\t\t<\/div>\n\t\t\t\t\t<\/div>\n\t\t<\/div>\n\t\t\t\t\t<\/div>\n\t\t<\/section>\n\t\t\t\t<section class=\"elementor-section elementor-top-section elementor-element elementor-element-ecfe912 elementor-section-boxed elementor-section-height-default elementor-section-height-default\" data-id=\"ecfe912\" data-element_type=\"section\">\n\t\t\t\t\t\t<div class=\"elementor-container elementor-column-gap-default\">\n\t\t\t\t\t<div class=\"elementor-column elementor-col-50 elementor-top-column elementor-element elementor-element-ee4bad1\" data-id=\"ee4bad1\" data-element_type=\"column\">\n\t\t\t<div class=\"elementor-widget-wrap elementor-element-populated\">\n\t\t\t\t\t\t<div class=\"elementor-element elementor-element-14494dc elementor-widget elementor-widget-image\" data-id=\"14494dc\" data-element_type=\"widget\" data-widget_type=\"image.default\">\n\t\t\t\t<div class=\"elementor-widget-container\">\n\t\t\t\t\t\t\t\t\t\t\t\t\t\t\t<img decoding=\"async\" src=\"https:\/\/tzar.lu\/wp-content\/uploads\/elementor\/thumbs\/Homepage-fr-scaled-p12i9cy7hd9kra3nbgt0hn01kwp4x8yl16mh69bvo4.jpg\" title=\"Homepage fr\" alt=\"Votre message ne p eut attendre | Tzar\" loading=\"lazy\" \/>\t\t\t\t\t\t\t\t\t\t\t\t\t\t\t<\/div>\n\t\t\t\t<\/div>\n\t\t\t\t\t<\/div>\n\t\t<\/div>\n\t\t\t\t<div class=\"elementor-column elementor-col-50 elementor-top-column elementor-element elementor-element-2c47074\" data-id=\"2c47074\" data-element_type=\"column\">\n\t\t\t<div class=\"elementor-widget-wrap elementor-element-populated\">\n\t\t\t\t\t\t<div class=\"elementor-element elementor-element-155a065 elementor-widget elementor-widget-text-editor\" data-id=\"155a065\" data-element_type=\"widget\" data-widget_type=\"text-editor.default\">\n\t\t\t\t<div class=\"elementor-widget-container\">\n\t\t\t\t\t\t\t\t\t<p>TZAR se distingue par une <strong>v\u00e9ritable passion<\/strong> pour chaque aspect de la communication. Notre \u00e9quipe cr\u00e9ative identifie et <strong>formule votre message<\/strong> pour le concr\u00e9tiser en un projet sur mesure qui <strong>d\u00e9passe vos attentes<\/strong> : un plan de communication tr\u00e8s complet ou des outils de communication simples mais <strong>parfaitement ex\u00e9cut\u00e9s<\/strong>. La passion et l&#8217;exp\u00e9rience de notre agence peuvent v\u00e9ritablement <strong>booster vos r\u00e9sultats.<\/strong><br \/><br \/>Notre approche cr\u00e9ative a contribu\u00e9 \u00e0 rendre <strong>TZAR unique<\/strong>. Epat\u00e9es par chaque projet r\u00e9alis\u00e9, <strong>de grandes entreprises actives \u00e0 l\u2019international nous font confiance.<\/strong> Fort de cela, notre \u00e9quipe a acquis une grande exp\u00e9rience dans tout type de support de communication. Nous cr\u00e9ons des \u00e9v\u00e8nements d\u2019entreprise de grande envergure et des stands d<strong>&#8216;exposition impressionnants dans toute l&#8217;Europe<\/strong>. Avec pour ligne de conduite et gage de r\u00e9ussite : une \u00e9quipe de professionnels cr\u00e9atifs, des concepts sur mesure et un design de marque corporate distinctif.<\/p><p><strong>Mettez-nous au d\u00e9fi.<\/strong> Confiez-nous vos petits ou grands projets et constatez ce que TZAR peut faire pour d\u00e9passer vos attentes !<\/p>\t\t\t\t\t\t\t\t<\/div>\n\t\t\t\t<\/div>\n\t\t\t\t\t<\/div>\n\t\t<\/div>\n\t\t\t\t\t<\/div>\n\t\t<\/section>\n\t\t\t\t<section class=\"elementor-section elementor-top-section elementor-element elementor-element-1a887a8 elementor-section-boxed elementor-section-height-default elementor-section-height-default\" data-id=\"1a887a8\" data-element_type=\"section\">\n\t\t\t\t\t\t<div class=\"elementor-container elementor-column-gap-default\">\n\t\t\t\t\t<div class=\"elementor-column elementor-col-100 elementor-top-column elementor-element elementor-element-fcd623d\" data-id=\"fcd623d\" data-element_type=\"column\">\n\t\t\t<div class=\"elementor-widget-wrap\">\n\t\t\t\t\t\t\t<\/div>\n\t\t<\/div>\n\t\t\t\t\t<\/div>\n\t\t<\/section>\n\t\t\t\t<\/div>\n\t\t","protected":false},"excerpt":{"rendered":"<p>Marketing Consulting Brand Design Evenementiel Stands d&#8217;exposition &#038; showroom BLOG Notre Vision TZAR se distingue par une v\u00e9ritable passion pour chaque aspect de la communication. Notre \u00e9quipe cr\u00e9ative identifie et formule votre message pour le concr\u00e9tiser en un projet sur mesure qui d\u00e9passe vos attentes : un plan de communication tr\u00e8s complet ou des outils [&hellip;]<\/p>\n","protected":false},"author":1,"featured_media":0,"parent":0,"menu_order":0,"comment_status":"closed","ping_status":"closed","template":"elementor_header_footer","meta":{"footnotes":""},"yoast_head":"<!-- This site is optimized with the Yoast SEO plugin v22.6 - https:\/\/yoast.com\/wordpress\/plugins\/seo\/ -->\n<title>Agence de communication: design de marque, \u00e9v\u00e9nements et expositions - Tzar<\/title>\n<meta name=\"description\" content=\"Passionn\u00e9s par la communication, le design de marque, les \u00e9v\u00e8nements commerciaux d\u2019envergure mondiale et les stands d&#039;exposition exaltants. - Votre message ne peut plus attendre.\" \/>\n<meta name=\"robots\" content=\"index, follow, max-snippet:-1, max-image-preview:large, max-video-preview:-1\" \/>\n<link rel=\"canonical\" href=\"https:\/\/tzar.lu\/fr\/\" \/>\n<meta property=\"og:locale\" content=\"fr_FR\" \/>\n<meta property=\"og:type\" content=\"article\" \/>\n<meta property=\"og:title\" content=\"Agence de communication et d&#039;\u00e9v\u00e9nementiel - Agence Tzar\" \/>\n<meta property=\"og:description\" content=\"Passionn\u00e9s par la communication, le design de marque, les \u00e9v\u00e8nements commerciaux d\u2019envergure mondiale et les stands d&#039;exposition exaltants. - Votre message ne peut plus attendre.\" \/>\n<meta property=\"og:url\" content=\"https:\/\/tzar.lu\/fr\/\" \/>\n<meta property=\"og:site_name\" content=\"Tzar\" \/>\n<meta property=\"article:publisher\" content=\"https:\/\/www.facebook.com\/tzar.be\/\" \/>\n<meta property=\"article:modified_time\" content=\"2021-01-08T15:42:48+00:00\" \/>\n<meta property=\"og:image\" content=\"https:\/\/tzar.lu\/wp-content\/uploads\/2020\/11\/logo-website-2-no-border.jpg\" \/>\n<meta name=\"twitter:card\" content=\"summary_large_image\" \/>\n<meta name=\"twitter:label1\" content=\"Dur\u00e9e de lecture estim\u00e9e\" \/>\n\t<meta name=\"twitter:data1\" content=\"1 minute\" \/>\n<script type=\"application\/ld+json\" class=\"yoast-schema-graph\">{\"@context\":\"https:\/\/schema.org\",\"@graph\":[{\"@type\":\"WebPage\",\"@id\":\"https:\/\/tzar.lu\/fr\/\",\"url\":\"https:\/\/tzar.lu\/fr\/\",\"name\":\"Agence de communication: design de marque, \u00e9v\u00e9nements et expositions - Tzar\",\"isPartOf\":{\"@id\":\"https:\/\/tzar.lu\/fr\/#website\"},\"primaryImageOfPage\":{\"@id\":\"https:\/\/tzar.lu\/fr\/#primaryimage\"},\"image\":{\"@id\":\"https:\/\/tzar.lu\/fr\/#primaryimage\"},\"thumbnailUrl\":\"https:\/\/tzar.lu\/wp-content\/uploads\/elementor\/thumbs\/Homepage-fr-scaled-p12i9cy7hd9kra3nbgt0hn01kwp4x8yl16mh69bvo4.jpg\",\"datePublished\":\"2021-01-08T09:54:04+00:00\",\"dateModified\":\"2021-01-08T15:42:48+00:00\",\"description\":\"Passionn\u00e9s par la communication, le design de marque, les \u00e9v\u00e8nements commerciaux d\u2019envergure mondiale et les stands d'exposition exaltants. - Votre message ne peut plus attendre.\",\"breadcrumb\":{\"@id\":\"https:\/\/tzar.lu\/fr\/#breadcrumb\"},\"inLanguage\":\"fr-FR\",\"potentialAction\":[{\"@type\":\"ReadAction\",\"target\":[\"https:\/\/tzar.lu\/fr\/\"]}]},{\"@type\":\"ImageObject\",\"inLanguage\":\"fr-FR\",\"@id\":\"https:\/\/tzar.lu\/fr\/#primaryimage\",\"url\":\"https:\/\/tzar.lu\/wp-content\/uploads\/elementor\/thumbs\/Homepage-fr-scaled-p12i9cy7hd9kra3nbgt0hn01kwp4x8yl16mh69bvo4.jpg\",\"contentUrl\":\"https:\/\/tzar.lu\/wp-content\/uploads\/elementor\/thumbs\/Homepage-fr-scaled-p12i9cy7hd9kra3nbgt0hn01kwp4x8yl16mh69bvo4.jpg\"},{\"@type\":\"BreadcrumbList\",\"@id\":\"https:\/\/tzar.lu\/fr\/#breadcrumb\",\"itemListElement\":[{\"@type\":\"ListItem\",\"position\":1,\"name\":\"Home\",\"item\":\"https:\/\/tzar.lu\/fr\/\"},{\"@type\":\"ListItem\",\"position\":2,\"name\":\"Accueil\"}]},{\"@type\":\"WebSite\",\"@id\":\"https:\/\/tzar.lu\/fr\/#website\",\"url\":\"https:\/\/tzar.lu\/fr\/\",\"name\":\"Tzar\",\"description\":\"Communication Agency\",\"publisher\":{\"@id\":\"https:\/\/tzar.lu\/fr\/#organization\"},\"potentialAction\":[{\"@type\":\"SearchAction\",\"target\":{\"@type\":\"EntryPoint\",\"urlTemplate\":\"https:\/\/tzar.lu\/fr\/?s={search_term_string}\"},\"query-input\":\"required name=search_term_string\"}],\"inLanguage\":\"fr-FR\"},{\"@type\":\"Organization\",\"@id\":\"https:\/\/tzar.lu\/fr\/#organization\",\"name\":\"Tzar\",\"url\":\"https:\/\/tzar.lu\/fr\/\",\"logo\":{\"@type\":\"ImageObject\",\"inLanguage\":\"fr-FR\",\"@id\":\"https:\/\/tzar.lu\/fr\/#\/schema\/logo\/image\/\",\"url\":\"https:\/\/tzar.lu\/wp-content\/uploads\/2020\/06\/tzar-logo-e1592380497970.png\",\"contentUrl\":\"https:\/\/tzar.lu\/wp-content\/uploads\/2020\/06\/tzar-logo-e1592380497970.png\",\"width\":357,\"height\":174,\"caption\":\"Tzar\"},\"image\":{\"@id\":\"https:\/\/tzar.lu\/fr\/#\/schema\/logo\/image\/\"},\"sameAs\":[\"https:\/\/www.facebook.com\/tzar.be\/\",\"https:\/\/www.instagram.com\/TZARcommunication\/\",\"https:\/\/www.linkedin.com\/company\/tzar\/\"]}]}<\/script>\n<!-- \/ Yoast SEO plugin. -->","yoast_head_json":{"title":"Agence de communication: design de marque, \u00e9v\u00e9nements et expositions - Tzar","description":"Passionn\u00e9s par la communication, le design de marque, les \u00e9v\u00e8nements commerciaux d\u2019envergure mondiale et les stands d'exposition exaltants. - Votre message ne peut plus attendre.","robots":{"index":"index","follow":"follow","max-snippet":"max-snippet:-1","max-image-preview":"max-image-preview:large","max-video-preview":"max-video-preview:-1"},"canonical":"https:\/\/tzar.lu\/fr\/","og_locale":"fr_FR","og_type":"article","og_title":"Agence de communication et d'\u00e9v\u00e9nementiel - Agence Tzar","og_description":"Passionn\u00e9s par la communication, le design de marque, les \u00e9v\u00e8nements commerciaux d\u2019envergure mondiale et les stands d'exposition exaltants. - Votre message ne peut plus attendre.","og_url":"https:\/\/tzar.lu\/fr\/","og_site_name":"Tzar","article_publisher":"https:\/\/www.facebook.com\/tzar.be\/","article_modified_time":"2021-01-08T15:42:48+00:00","og_image":[{"url":"https:\/\/tzar.lu\/wp-content\/uploads\/2020\/11\/logo-website-2-no-border.jpg"}],"twitter_card":"summary_large_image","twitter_misc":{"Dur\u00e9e de lecture estim\u00e9e":"1 minute"},"schema":{"@context":"https:\/\/schema.org","@graph":[{"@type":"WebPage","@id":"https:\/\/tzar.lu\/fr\/","url":"https:\/\/tzar.lu\/fr\/","name":"Agence de communication: design de marque, \u00e9v\u00e9nements et expositions - Tzar","isPartOf":{"@id":"https:\/\/tzar.lu\/fr\/#website"},"primaryImageOfPage":{"@id":"https:\/\/tzar.lu\/fr\/#primaryimage"},"image":{"@id":"https:\/\/tzar.lu\/fr\/#primaryimage"},"thumbnailUrl":"https:\/\/tzar.lu\/wp-content\/uploads\/elementor\/thumbs\/Homepage-fr-scaled-p12i9cy7hd9kra3nbgt0hn01kwp4x8yl16mh69bvo4.jpg","datePublished":"2021-01-08T09:54:04+00:00","dateModified":"2021-01-08T15:42:48+00:00","description":"Passionn\u00e9s par la communication, le design de marque, les \u00e9v\u00e8nements commerciaux d\u2019envergure mondiale et les stands d'exposition exaltants. - Votre message ne peut plus attendre.","breadcrumb":{"@id":"https:\/\/tzar.lu\/fr\/#breadcrumb"},"inLanguage":"fr-FR","potentialAction":[{"@type":"ReadAction","target":["https:\/\/tzar.lu\/fr\/"]}]},{"@type":"ImageObject","inLanguage":"fr-FR","@id":"https:\/\/tzar.lu\/fr\/#primaryimage","url":"https:\/\/tzar.lu\/wp-content\/uploads\/elementor\/thumbs\/Homepage-fr-scaled-p12i9cy7hd9kra3nbgt0hn01kwp4x8yl16mh69bvo4.jpg","contentUrl":"https:\/\/tzar.lu\/wp-content\/uploads\/elementor\/thumbs\/Homepage-fr-scaled-p12i9cy7hd9kra3nbgt0hn01kwp4x8yl16mh69bvo4.jpg"},{"@type":"BreadcrumbList","@id":"https:\/\/tzar.lu\/fr\/#breadcrumb","itemListElement":[{"@type":"ListItem","position":1,"name":"Home","item":"https:\/\/tzar.lu\/fr\/"},{"@type":"ListItem","position":2,"name":"Accueil"}]},{"@type":"WebSite","@id":"https:\/\/tzar.lu\/fr\/#website","url":"https:\/\/tzar.lu\/fr\/","name":"Tzar","description":"Communication Agency","publisher":{"@id":"https:\/\/tzar.lu\/fr\/#organization"},"potentialAction":[{"@type":"SearchAction","target":{"@type":"EntryPoint","urlTemplate":"https:\/\/tzar.lu\/fr\/?s={search_term_string}"},"query-input":"required name=search_term_string"}],"inLanguage":"fr-FR"},{"@type":"Organization","@id":"https:\/\/tzar.lu\/fr\/#organization","name":"Tzar","url":"https:\/\/tzar.lu\/fr\/","logo":{"@type":"ImageObject","inLanguage":"fr-FR","@id":"https:\/\/tzar.lu\/fr\/#\/schema\/logo\/image\/","url":"https:\/\/tzar.lu\/wp-content\/uploads\/2020\/06\/tzar-logo-e1592380497970.png","contentUrl":"https:\/\/tzar.lu\/wp-content\/uploads\/2020\/06\/tzar-logo-e1592380497970.png","width":357,"height":174,"caption":"Tzar"},"image":{"@id":"https:\/\/tzar.lu\/fr\/#\/schema\/logo\/image\/"},"sameAs":["https:\/\/www.facebook.com\/tzar.be\/","https:\/\/www.instagram.com\/TZARcommunication\/","https:\/\/www.linkedin.com\/company\/tzar\/"]}]}},"_links":{"self":[{"href":"https:\/\/tzar.lu\/fr\/wp-json\/wp\/v2\/pages\/2647"}],"collection":[{"href":"https:\/\/tzar.lu\/fr\/wp-json\/wp\/v2\/pages"}],"about":[{"href":"https:\/\/tzar.lu\/fr\/wp-json\/wp\/v2\/types\/page"}],"author":[{"embeddable":true,"href":"https:\/\/tzar.lu\/fr\/wp-json\/wp\/v2\/users\/1"}],"replies":[{"embeddable":true,"href":"https:\/\/tzar.lu\/fr\/wp-json\/wp\/v2\/comments?post=2647"}],"version-history":[{"count":0,"href":"https:\/\/tzar.lu\/fr\/wp-json\/wp\/v2\/pages\/2647\/revisions"}],"wp:attachment":[{"href":"https:\/\/tzar.lu\/fr\/wp-json\/wp\/v2\/media?parent=2647"}],"curies":[{"name":"wp","href":"https:\/\/api.w.org\/{rel}","templated":true}]}}